{"id":7060,"date":"2024-04-17T07:54:04","date_gmt":"2024-04-17T07:54:04","guid":{"rendered":"https:\/\/kaderli.ch\/shop\/betonplatte-garda-komprimiert-2-8cm\/"},"modified":"2024-04-17T11:04:14","modified_gmt":"2024-04-17T11:04:14","slug":"betonplatte-garda-komprimiert-2-8cm","status":"publish","type":"product","link":"https:\/\/kaderli.ch\/fr\/product\/betonplatte-garda-komprimiert-2-8cm\/","title":{"rendered":"Dalle en b\u00e9ton GARDA comprim\u00e9 forte \u00e9p 2.8cm"},"content":{"rendered":"","protected":false},"excerpt":{"rendered":"<p>Dimmensions 50\/50\/3cm<br \/>\nCouleur Jaune Sarraz<br \/>\nenv. 90pc. \/ env. 21m<sup>2<\/sup><br \/>\nPrix:\u00a0 8.\u2013 \/ pc. cherch\u00e9 chez nous \u00e0 D\u00fcdingen<\/p>\n","protected":false},"featured_media":7021,"template":"","meta":[],"product_brand":[],"product_cat":[897,893],"product_tag":[],"class_list":{"0":"post-7060","1":"product","2":"type-product","3":"status-publish","4":"has-post-thumbnail","6":"product_cat-dalles-paves","7":"product_cat-reste-du-stock","9":"first","10":"instock","11":"shipping-taxable","12":"purchasable","13":"product-type-simple"},"_links":{"self":[{"href":"https:\/\/kaderli.ch\/fr\/wp-json\/wp\/v2\/product\/7060","targetHints":{"allow":["GET"]}}],"collection":[{"href":"https:\/\/kaderli.ch\/fr\/wp-json\/wp\/v2\/product"}],"about":[{"href":"https:\/\/kaderli.ch\/fr\/wp-json\/wp\/v2\/types\/product"}],"wp:featuredmedia":[{"embeddable":true,"href":"https:\/\/kaderli.ch\/fr\/wp-json\/wp\/v2\/media\/7021"}],"wp:attachment":[{"href":"https:\/\/kaderli.ch\/fr\/wp-json\/wp\/v2\/media?parent=7060"}],"wp:term":[{"taxonomy":"product_brand","embeddable":true,"href":"https:\/\/kaderli.ch\/fr\/wp-json\/wp\/v2\/product_brand?post=7060"},{"taxonomy":"product_cat","embeddable":true,"href":"https:\/\/kaderli.ch\/fr\/wp-json\/wp\/v2\/product_cat?post=7060"},{"taxonomy":"product_tag","embeddable":true,"href":"https:\/\/kaderli.ch\/fr\/wp-json\/wp\/v2\/product_tag?post=7060"}],"curies":[{"name":"wp","href":"https:\/\/api.w.org\/{rel}","templated":true}]}}