{"id":7097,"date":"2024-04-17T08:22:00","date_gmt":"2024-04-17T08:22:00","guid":{"rendered":"https:\/\/kaderli.ch\/shop\/monolith-quarzit-2\/"},"modified":"2024-04-17T08:22:00","modified_gmt":"2024-04-17T08:22:00","slug":"monolith-quarzit-2","status":"publish","type":"product","link":"https:\/\/kaderli.ch\/fr\/product\/monolith-quarzit-2\/","title":{"rendered":"Monolith Quarzit 2"},"content":{"rendered":"","protected":false},"excerpt":{"rendered":"<p>Hauteur environs\u00a0 80 cm<br \/>\nLargeur jusqu\u2019\u00e0\u00a0 50 cm<br \/>\n\u00c8paisseur jusqu\u2019\u00e0\u00a0 20 cm<br \/>\nPrix cherch\u00e9 \u00e0 D\u00fcdingen: 250.\u2013<\/p>\n","protected":false},"featured_media":5619,"template":"","meta":[],"product_brand":[],"product_cat":[899,893],"product_tag":[],"class_list":{"0":"post-7097","1":"product","2":"type-product","3":"status-publish","4":"has-post-thumbnail","6":"product_cat-pierres-naturelles-blocs-erratiques","7":"product_cat-reste-du-stock","9":"first","10":"instock","11":"shipping-taxable","12":"purchasable","13":"product-type-simple"},"_links":{"self":[{"href":"https:\/\/kaderli.ch\/fr\/wp-json\/wp\/v2\/product\/7097","targetHints":{"allow":["GET"]}}],"collection":[{"href":"https:\/\/kaderli.ch\/fr\/wp-json\/wp\/v2\/product"}],"about":[{"href":"https:\/\/kaderli.ch\/fr\/wp-json\/wp\/v2\/types\/product"}],"wp:featuredmedia":[{"embeddable":true,"href":"https:\/\/kaderli.ch\/fr\/wp-json\/wp\/v2\/media\/5619"}],"wp:attachment":[{"href":"https:\/\/kaderli.ch\/fr\/wp-json\/wp\/v2\/media?parent=7097"}],"wp:term":[{"taxonomy":"product_brand","embeddable":true,"href":"https:\/\/kaderli.ch\/fr\/wp-json\/wp\/v2\/product_brand?post=7097"},{"taxonomy":"product_cat","embeddable":true,"href":"https:\/\/kaderli.ch\/fr\/wp-json\/wp\/v2\/product_cat?post=7097"},{"taxonomy":"product_tag","embeddable":true,"href":"https:\/\/kaderli.ch\/fr\/wp-json\/wp\/v2\/product_tag?post=7097"}],"curies":[{"name":"wp","href":"https:\/\/api.w.org\/{rel}","templated":true}]}}