{"id":7103,"date":"2024-04-17T08:09:04","date_gmt":"2024-04-17T08:09:04","guid":{"rendered":"https:\/\/kaderli.ch\/shop\/pierre-erratique-en-gres\/"},"modified":"2024-04-17T08:09:04","modified_gmt":"2024-04-17T08:09:04","slug":"pierre-erratique-en-gres","status":"publish","type":"product","link":"https:\/\/kaderli.ch\/fr\/product\/pierre-erratique-en-gres\/","title":{"rendered":"Pierre erratique en gres"},"content":{"rendered":"","protected":false},"excerpt":{"rendered":"<p>hauteur env. 180 cm<br \/>\nlargeur jusqu\u2019\u00e0 env. 120 cm<br \/>\nPoids: env. 6 Tonnes<br \/>\nPV cherch\u00e9 chez nous: 950.\u2013<br \/>\nDoit \u00eatre cherch\u00e9 avec camion grue. Il ne peux pas \u00eatre charg\u00e9 par nos soins.<br \/>\nAncien place au buffet de la gare \u00e0 Guin<\/p>\n","protected":false},"featured_media":5615,"template":"","meta":[],"product_brand":[],"product_cat":[899,893],"product_tag":[],"class_list":{"0":"post-7103","1":"product","2":"type-product","3":"status-publish","4":"has-post-thumbnail","6":"product_cat-pierres-naturelles-blocs-erratiques","7":"product_cat-reste-du-stock","9":"first","10":"instock","11":"shipping-taxable","12":"purchasable","13":"product-type-simple"},"_links":{"self":[{"href":"https:\/\/kaderli.ch\/fr\/wp-json\/wp\/v2\/product\/7103","targetHints":{"allow":["GET"]}}],"collection":[{"href":"https:\/\/kaderli.ch\/fr\/wp-json\/wp\/v2\/product"}],"about":[{"href":"https:\/\/kaderli.ch\/fr\/wp-json\/wp\/v2\/types\/product"}],"wp:featuredmedia":[{"embeddable":true,"href":"https:\/\/kaderli.ch\/fr\/wp-json\/wp\/v2\/media\/5615"}],"wp:attachment":[{"href":"https:\/\/kaderli.ch\/fr\/wp-json\/wp\/v2\/media?parent=7103"}],"wp:term":[{"taxonomy":"product_brand","embeddable":true,"href":"https:\/\/kaderli.ch\/fr\/wp-json\/wp\/v2\/product_brand?post=7103"},{"taxonomy":"product_cat","embeddable":true,"href":"https:\/\/kaderli.ch\/fr\/wp-json\/wp\/v2\/product_cat?post=7103"},{"taxonomy":"product_tag","embeddable":true,"href":"https:\/\/kaderli.ch\/fr\/wp-json\/wp\/v2\/product_tag?post=7103"}],"curies":[{"name":"wp","href":"https:\/\/api.w.org\/{rel}","templated":true}]}}