{"id":7492,"date":"2024-07-27T09:08:41","date_gmt":"2024-07-27T09:08:42","guid":{"rendered":"https:\/\/kaderli.ch\/?post_type=product&#038;p=7492"},"modified":"2024-10-14T12:23:14","modified_gmt":"2024-10-14T12:23:14","slug":"dalle-en-beton-typ-malaga-kopie","status":"publish","type":"product","link":"https:\/\/kaderli.ch\/fr\/product\/dalle-en-beton-typ-malaga-kopie\/","title":{"rendered":"Dalle en ciment gris occasion"},"content":{"rendered":"","protected":false},"excerpt":{"rendered":"<p>Dimension 50 x 50 x 4 cm<br \/>\nen stock environs 100m\u00b2<br \/>\nprix: 2.50 par dalle d\u00e9s d\u00e9p\u00f4t Kaderli SA<br \/>\nFourniture sur demande<\/p>\n","protected":false},"featured_media":7494,"template":"","meta":[],"product_brand":[],"product_cat":[897,893],"product_tag":[],"class_list":{"0":"post-7492","1":"product","2":"type-product","3":"status-publish","4":"has-post-thumbnail","6":"product_cat-dalles-paves","7":"product_cat-reste-du-stock","9":"first","10":"instock","11":"shipping-taxable","12":"purchasable","13":"product-type-simple"},"_links":{"self":[{"href":"https:\/\/kaderli.ch\/fr\/wp-json\/wp\/v2\/product\/7492","targetHints":{"allow":["GET"]}}],"collection":[{"href":"https:\/\/kaderli.ch\/fr\/wp-json\/wp\/v2\/product"}],"about":[{"href":"https:\/\/kaderli.ch\/fr\/wp-json\/wp\/v2\/types\/product"}],"wp:featuredmedia":[{"embeddable":true,"href":"https:\/\/kaderli.ch\/fr\/wp-json\/wp\/v2\/media\/7494"}],"wp:attachment":[{"href":"https:\/\/kaderli.ch\/fr\/wp-json\/wp\/v2\/media?parent=7492"}],"wp:term":[{"taxonomy":"product_brand","embeddable":true,"href":"https:\/\/kaderli.ch\/fr\/wp-json\/wp\/v2\/product_brand?post=7492"},{"taxonomy":"product_cat","embeddable":true,"href":"https:\/\/kaderli.ch\/fr\/wp-json\/wp\/v2\/product_cat?post=7492"},{"taxonomy":"product_tag","embeddable":true,"href":"https:\/\/kaderli.ch\/fr\/wp-json\/wp\/v2\/product_tag?post=7492"}],"curies":[{"name":"wp","href":"https:\/\/api.w.org\/{rel}","templated":true}]}}