{"id":7515,"date":"2024-09-28T12:54:26","date_gmt":"2024-09-28T12:54:26","guid":{"rendered":"https:\/\/kaderli.ch\/?post_type=product&#038;p=7515"},"modified":"2024-09-28T13:22:00","modified_gmt":"2024-09-28T13:22:00","slug":"dalle-en-ciment-gris-occasion-kopie","status":"publish","type":"product","link":"https:\/\/kaderli.ch\/fr\/product\/dalle-en-ciment-gris-occasion-kopie\/","title":{"rendered":"Gazon artificiel BASIC 3.90 x 2.50m Nouveau"},"content":{"rendered":"","protected":false},"excerpt":{"rendered":"<p>Dimension:         390 x 250cm<br \/>\nHauter des brains: 24mm<br \/>\nEn stock:          1 pc.<br \/>\nPrix:              200.&#8211; TTC au lieu de 400.&#8211; TTC global cherch\u00e9 \u00e0 D\u00fcdingen sur rendez-vous<br \/>\nFourniture:        Sur demande facultativ, pas y.compris.<br \/>\nPlus d&rsquo;information:  www.gazon-artificiel-profi.ch<\/p>\n","protected":false},"featured_media":7395,"template":"","meta":[],"product_brand":[],"product_cat":[907,893],"product_tag":[806],"class_list":{"0":"post-7515","1":"product","2":"type-product","3":"status-publish","4":"has-post-thumbnail","6":"product_cat-gazon-artificiel-restes","7":"product_cat-reste-du-stock","8":"product_tag-gza","10":"first","11":"instock","12":"shipping-taxable","13":"purchasable","14":"product-type-simple"},"_links":{"self":[{"href":"https:\/\/kaderli.ch\/fr\/wp-json\/wp\/v2\/product\/7515","targetHints":{"allow":["GET"]}}],"collection":[{"href":"https:\/\/kaderli.ch\/fr\/wp-json\/wp\/v2\/product"}],"about":[{"href":"https:\/\/kaderli.ch\/fr\/wp-json\/wp\/v2\/types\/product"}],"wp:featuredmedia":[{"embeddable":true,"href":"https:\/\/kaderli.ch\/fr\/wp-json\/wp\/v2\/media\/7395"}],"wp:attachment":[{"href":"https:\/\/kaderli.ch\/fr\/wp-json\/wp\/v2\/media?parent=7515"}],"wp:term":[{"taxonomy":"product_brand","embeddable":true,"href":"https:\/\/kaderli.ch\/fr\/wp-json\/wp\/v2\/product_brand?post=7515"},{"taxonomy":"product_cat","embeddable":true,"href":"https:\/\/kaderli.ch\/fr\/wp-json\/wp\/v2\/product_cat?post=7515"},{"taxonomy":"product_tag","embeddable":true,"href":"https:\/\/kaderli.ch\/fr\/wp-json\/wp\/v2\/product_tag?post=7515"}],"curies":[{"name":"wp","href":"https:\/\/api.w.org\/{rel}","templated":true}]}}