{"id":7519,"date":"2024-09-28T13:23:17","date_gmt":"2024-09-28T13:23:18","guid":{"rendered":"https:\/\/kaderli.ch\/?post_type=product&#038;p=7519"},"modified":"2024-09-28T13:27:33","modified_gmt":"2024-09-28T13:27:33","slug":"gazon-artificiel-basic-3-90-x-2-50m-nouveau-kopie","status":"publish","type":"product","link":"https:\/\/kaderli.ch\/fr\/product\/gazon-artificiel-basic-3-90-x-2-50m-nouveau-kopie\/","title":{"rendered":"Gazon artificiel ARCTIC 1.80 x 1.30m Nouveau (Kopie)"},"content":{"rendered":"","protected":false},"excerpt":{"rendered":"<p>Dimension:         180 x 130cm<br \/>\nHauter des brains: 40mm<br \/>\nEn stock:          1 pc.<br \/>\nPrix:              80.&#8211; TTC au lieu de 150.&#8211; TTC global cherch\u00e9 \u00e0 D\u00fcdingen sur rendez-vous<br \/>\nFourniture:        Sur demande facultativ, pas y.compris.<br \/>\nPlus d&rsquo;information:  www.gazon-artificiel-profi.ch<\/p>\n","protected":false},"featured_media":7395,"template":"","meta":[],"product_brand":[],"product_cat":[907,893],"product_tag":[806],"class_list":{"0":"post-7519","1":"product","2":"type-product","3":"status-publish","4":"has-post-thumbnail","6":"product_cat-gazon-artificiel-restes","7":"product_cat-reste-du-stock","8":"product_tag-gza","10":"first","11":"instock","12":"shipping-taxable","13":"purchasable","14":"product-type-simple"},"_links":{"self":[{"href":"https:\/\/kaderli.ch\/fr\/wp-json\/wp\/v2\/product\/7519","targetHints":{"allow":["GET"]}}],"collection":[{"href":"https:\/\/kaderli.ch\/fr\/wp-json\/wp\/v2\/product"}],"about":[{"href":"https:\/\/kaderli.ch\/fr\/wp-json\/wp\/v2\/types\/product"}],"wp:featuredmedia":[{"embeddable":true,"href":"https:\/\/kaderli.ch\/fr\/wp-json\/wp\/v2\/media\/7395"}],"wp:attachment":[{"href":"https:\/\/kaderli.ch\/fr\/wp-json\/wp\/v2\/media?parent=7519"}],"wp:term":[{"taxonomy":"product_brand","embeddable":true,"href":"https:\/\/kaderli.ch\/fr\/wp-json\/wp\/v2\/product_brand?post=7519"},{"taxonomy":"product_cat","embeddable":true,"href":"https:\/\/kaderli.ch\/fr\/wp-json\/wp\/v2\/product_cat?post=7519"},{"taxonomy":"product_tag","embeddable":true,"href":"https:\/\/kaderli.ch\/fr\/wp-json\/wp\/v2\/product_tag?post=7519"}],"curies":[{"name":"wp","href":"https:\/\/api.w.org\/{rel}","templated":true}]}}